{"id":802484,"date":"2024-10-08T15:11:10","date_gmt":"2024-10-08T12:11:10","guid":{"rendered":"https:\/\/natureslines.eu\/en\/uncategorized\/lavender-magic-62-dark-chocolate\/"},"modified":"2026-03-07T17:08:54","modified_gmt":"2026-03-07T15:08:54","slug":"lavender-magic-62-dark-chocolate","status":"publish","type":"product","link":"https:\/\/natureslines.eu\/en\/gifts-and-decor\/chocolate\/lavender-magic-62-dark-chocolate\/","title":{"rendered":"Lavender Magic 62% &#8211; Dark Chocolate"},"content":{"rendered":"<p><strong>Tootjariik:<\/strong> Belgia&nbsp;<br \/><strong>Kaal:<\/strong> 60 g&nbsp;<br \/><strong>M\u00f5\u00f5tmed:<\/strong> 10 \u00d7 82 \u00d7 150 mm<\/p>\n","protected":false},"excerpt":{"rendered":"<p>Tootjariik: Belgia&nbsp;Kaal: 60 g&nbsp;M\u00f5\u00f5tmed: 10 \u00d7 82 \u00d7 150 mm<\/p>\n","protected":false},"featured_media":802481,"template":"","meta":{"site-sidebar-layout":"default","site-content-layout":"","ast-site-content-layout":"","site-content-style":"default","site-sidebar-style":"default","ast-global-header-display":"","ast-banner-title-visibility":"","ast-main-header-display":"","ast-hfb-above-header-display":"","ast-hfb-below-header-display":"","ast-hfb-mobile-header-display":"","site-post-title":"","ast-breadcrumbs-content":"","ast-featured-img":"","footer-sml-layout":"","theme-transparent-header-meta":"","adv-header-id-meta":"","stick-header-meta":"","header-above-stick-meta":"","header-main-stick-meta":"","header-below-stick-meta":"","astra-migrate-meta-layouts":"default","ast-page-background-enabled":"default","ast-page-background-meta":{"desktop":{"background-color":"","background-image":"","background-repeat":"repeat","background-position":"center center","background-size":"auto","background-attachment":"scroll","background-type":"","background-media":"","overlay-type":"","overlay-color":"","overlay-gradient":""},"tablet":{"background-color":"","background-image":"","background-repeat":"repeat","background-position":"center center","background-size":"auto","background-attachment":"scroll","background-type":"","background-media":"","overlay-type":"","overlay-color":"","overlay-gradient":""},"mobile":{"background-color":"","background-image":"","background-repeat":"repeat","background-position":"center center","background-size":"auto","background-attachment":"scroll","background-type":"","background-media":"","overlay-type":"","overlay-color":"","overlay-gradient":""}},"ast-content-background-meta":{"desktop":{"background-color":"var(--ast-global-color-5)","background-image":"","background-repeat":"repeat","background-position":"center center","background-size":"auto","background-attachment":"scroll","background-type":"","background-media":"","overlay-type":"","overlay-color":"","overlay-gradient":""},"tablet":{"background-color":"var(--ast-global-color-5)","background-image":"","background-repeat":"repeat","background-position":"center center","background-size":"auto","background-attachment":"scroll","background-type":"","background-media":"","overlay-type":"","overlay-color":"","overlay-gradient":""},"mobile":{"background-color":"var(--ast-global-color-5)","background-image":"","background-repeat":"repeat","background-position":"center center","background-size":"auto","background-attachment":"scroll","background-type":"","background-media":"","overlay-type":"","overlay-color":"","overlay-gradient":""}}},"pwb-brand":[],"product_brand":[],"product_cat":[181],"product_tag":[],"class_list":{"0":"post-802484","1":"product","2":"type-product","3":"status-publish","4":"has-post-thumbnail","6":"product_cat-chocolate","7":"desktop-align-left","8":"tablet-align-left","9":"mobile-align-left","11":"first","12":"instock","13":"taxable","14":"shipping-taxable","15":"purchasable","16":"product-type-simple"},"brands":[],"_links":{"self":[{"href":"https:\/\/natureslines.eu\/en\/wp-json\/wp\/v2\/product\/802484","targetHints":{"allow":["GET"]}}],"collection":[{"href":"https:\/\/natureslines.eu\/en\/wp-json\/wp\/v2\/product"}],"about":[{"href":"https:\/\/natureslines.eu\/en\/wp-json\/wp\/v2\/types\/product"}],"wp:featuredmedia":[{"embeddable":true,"href":"https:\/\/natureslines.eu\/en\/wp-json\/wp\/v2\/media\/802481"}],"wp:attachment":[{"href":"https:\/\/natureslines.eu\/en\/wp-json\/wp\/v2\/media?parent=802484"}],"wp:term":[{"taxonomy":"pwb-brand","embeddable":true,"href":"https:\/\/natureslines.eu\/en\/wp-json\/wp\/v2\/pwb-brand?post=802484"},{"taxonomy":"product_brand","embeddable":true,"href":"https:\/\/natureslines.eu\/en\/wp-json\/wp\/v2\/product_brand?post=802484"},{"taxonomy":"product_cat","embeddable":true,"href":"https:\/\/natureslines.eu\/en\/wp-json\/wp\/v2\/product_cat?post=802484"},{"taxonomy":"product_tag","embeddable":true,"href":"https:\/\/natureslines.eu\/en\/wp-json\/wp\/v2\/product_tag?post=802484"}],"curies":[{"name":"wp","href":"https:\/\/api.w.org\/{rel}","templated":true}]}}